{"id":146,"date":"2024-11-23T17:14:09","date_gmt":"2024-11-23T20:14:09","guid":{"rendered":"https:\/\/imagenswhat.com\/es\/?page_id=146"},"modified":"2024-11-23T17:14:10","modified_gmt":"2024-11-23T20:14:10","slug":"sobre-nosotros","status":"publish","type":"page","link":"https:\/\/imagenswhat.com\/es\/sobre-nosotros\/","title":{"rendered":"Sobre Nosotros"},"content":{"rendered":"\n<p>\u00a1Bienvenido a ImagensWhat ES! <\/p>\n\n\n\n<p>En ImagensWhat ES nos especializamos en ofrecer un espacio de blogs profesionales con contenido interesante y de alta calidad que estamos seguros te encantar\u00e1. Nuestro objetivo es proporcionarte informaci\u00f3n confiable y creativa, siempre con un enfoque en la excelencia.<\/p>\n\n\n\n<p>Trabajamos con dedicaci\u00f3n para convertir este blog en una plataforma en l\u00ednea destacada, y esperamos que disfrutes tanto de nuestro contenido como nosotros disfrutamos cre\u00e1ndolo para ti. Seguiremos publicando art\u00edculos relevantes y \u00fatiles para todos nuestros lectores.<\/p>\n\n\n\n<p>Gracias por visitarnos y por tu apoyo. \u00a1Tu confianza es nuestra mayor motivaci\u00f3n para seguir adelante!<\/p>\n","protected":false},"excerpt":{"rendered":"<p>\u00a1Bienvenido a ImagensWhat ES! En ImagensWhat ES nos especializamos en ofrecer un espacio de blogs profesionales con contenido interesante y de alta calidad que estamos seguros te encantar\u00e1. Nuestro objetivo es proporcionarte informaci\u00f3n confiable y creativa, siempre con un enfoque en la excelencia. Trabajamos con dedicaci\u00f3n para convertir este blog en una plataforma en l\u00ednea&hellip;&nbsp;<a href=\"https:\/\/imagenswhat.com\/es\/sobre-nosotros\/\" rel=\"bookmark\">Leer m\u00e1s &raquo;<span class=\"screen-reader-text\">Sobre Nosotros<\/span><\/a><\/p>\n","protected":false},"author":1,"featured_media":0,"parent":0,"menu_order":0,"comment_status":"closed","ping_status":"closed","template":"","meta":{"neve_meta_sidebar":"","neve_meta_container":"","neve_meta_enable_content_width":"","neve_meta_content_width":0,"neve_meta_title_alignment":"","neve_meta_author_avatar":"","neve_post_elements_order":"","neve_meta_disable_header":"","neve_meta_disable_footer":"","neve_meta_disable_title":"","neve_meta_reading_time":"","footnotes":""},"class_list":["post-146","page","type-page","status-publish","hentry"],"_links":{"self":[{"href":"https:\/\/imagenswhat.com\/es\/wp-json\/wp\/v2\/pages\/146","targetHints":{"allow":["GET"]}}],"collection":[{"href":"https:\/\/imagenswhat.com\/es\/wp-json\/wp\/v2\/pages"}],"about":[{"href":"https:\/\/imagenswhat.com\/es\/wp-json\/wp\/v2\/types\/page"}],"author":[{"embeddable":true,"href":"https:\/\/imagenswhat.com\/es\/wp-json\/wp\/v2\/users\/1"}],"replies":[{"embeddable":true,"href":"https:\/\/imagenswhat.com\/es\/wp-json\/wp\/v2\/comments?post=146"}],"version-history":[{"count":1,"href":"https:\/\/imagenswhat.com\/es\/wp-json\/wp\/v2\/pages\/146\/revisions"}],"predecessor-version":[{"id":147,"href":"https:\/\/imagenswhat.com\/es\/wp-json\/wp\/v2\/pages\/146\/revisions\/147"}],"wp:attachment":[{"href":"https:\/\/imagenswhat.com\/es\/wp-json\/wp\/v2\/media?parent=146"}],"curies":[{"name":"wp","href":"https:\/\/api.w.org\/{rel}","templated":true}]}}