{"id":137,"date":"2024-11-22T23:21:37","date_gmt":"2024-11-23T02:21:37","guid":{"rendered":"https:\/\/imagenswhat.com\/es\/?page_id=137"},"modified":"2024-11-22T23:22:50","modified_gmt":"2024-11-23T02:22:50","slug":"condiciones-de-uso","status":"publish","type":"page","link":"https:\/\/imagenswhat.com\/es\/condiciones-de-uso\/","title":{"rendered":"Condiciones de Uso"},"content":{"rendered":"\n<h2 class=\"wp-block-heading\">1. T\u00e9rminos<\/h2>\n\n\n\n<p>leyes y reglamentaciones relacionadas, y concuerda en que es responsable por el cumplimiento de la legislaci\u00f3n local aplicable. Si no est\u00e1 de acuerdo con alguno de estos t\u00e9rminos, no le es permitido usar o acceder a este sitio.<\/p>\n\n\n\n<p>Los materiales contenidos en este sitio web est\u00e1n protegidos por las leyes de derechos de autor y de las marcas comercialmente aplicables.<\/p>\n\n\n\n<h3 class=\"wp-block-heading\">2. Uso de la Licencia<\/h3>\n\n\n\n<ol class=\"wp-block-list\">\n<li>Se le concede permiso para bajar temporalmente una copia de los materiales (informaci\u00f3n o software) en el sitio ImagensWhat ES, solo para la visualizaci\u00f3n personal transitoria y no comercial. Esta es la concesi\u00f3n de una licencia, no una transferencia de t\u00edtulo y, bajo esta licencia, no le est\u00e1 permitido:<\/li>\n\n\n\n<li>Modificar ni copiar los materiales;<\/li>\n\n\n\n<li>Usar los materiales con fines comerciales ni para exhibici\u00f3n p\u00fablica (comercial o no comercial);<\/li>\n\n\n\n<li>Intentar descompilar o aplicar ingenier\u00eda inversa a cualquier software contenido en el sitio ImagensWhat ES;<\/li>\n\n\n\n<li>Eliminar los derechos de autor u otras anotaciones de propiedad de los materiales;<\/li>\n\n\n\n<li>Transferir los materiales a otra persona o \u201cduplicarlos\u201d en alg\u00fan otro servidor.<\/li>\n\n\n\n<li>Esta licencia finalizar\u00e1 autom\u00e1ticamente si usted incurre en alguna de las restricciones anteriores y podr\u00e1 ser terminada por ImagensWhat ES en cualquier momento. Al cerrar la visualizaci\u00f3n de esos materiales o al concluir el t\u00e9rmino de esta licencia, debe eliminar todos los materiales bajados en su posesi\u00f3n, tanto en formato electr\u00f3nico como impreso.<\/li>\n<\/ol>\n\n\n\n<h3 class=\"wp-block-heading\">3. Exenci\u00f3n de Responsabilidad<\/h3>\n\n\n\n<ol class=\"wp-block-list\">\n<li>Los materiales en el sitio de ImagensWhat ES son provistos \u201ccomo est\u00e1n\u201d. ImagensWhat ES no ofrece garant\u00edas, expresas o impl\u00edcitas, y, por este medio, excluye y niega cualquier garant\u00eda, incluyendo, sin limitaci\u00f3n, garant\u00edas impl\u00edcitas o condiciones de comercializaci\u00f3n, adecuaci\u00f3n a un fin espec\u00edfico o no violaci\u00f3n de la propiedad intelectual u otra violaci\u00f3n de derechos.<\/li>\n\n\n\n<li>Asimismo, ImagensWhat ES no garantiza ni hace ninguna representaci\u00f3n relacionada con la precisi\u00f3n, los resultados probables o la confiabilidad del uso de los materiales en su sitio o de otra forma con respecto a esos materiales o en sitios vinculados a este sitio web.<\/li>\n<\/ol>\n\n\n\n<h3 class=\"wp-block-heading\">4. Limitaciones<\/h3>\n\n\n\n<p>En ning\u00fan caso ImagensWhat ES o sus proveedores ser\u00e1n responsables por cualquier tipo de da\u00f1o (incluyendo, sin limitaci\u00f3n, da\u00f1os por p\u00e9rdida de datos o de ganancias debido a la interrupci\u00f3n de los negocios) derivados del uso o de la incapacidad de usar los materiales en ImagensWhat ES, aunque ImagensWhat ES o un representante autorizado de ImagensWhat ES haya sido notificado oralmente o por escrito sobre la posibilidad de dichos da\u00f1os. Como algunas jurisdicciones no permiten limitaciones en garant\u00edas impl\u00edcitas ni limitaciones de responsabilidad por da\u00f1os consecuentes o incidentales, dichas limitaciones pueden no ser aplicables.<\/p>\n\n\n\n<h3 class=\"wp-block-heading\">5. Precisi\u00f3n de los materiales<\/h3>\n\n\n\n<p>Los materiales exhibidos en el sitio de ImagensWhat ES pueden incluir errores t\u00e9cnicos, tipogr\u00e1ficos o fotogr\u00e1ficos. ImagensWhat ES no garantiza que alg\u00fan material en su sitio sea preciso, completo o actual.&nbsp;ImagensWhat ES puede hacer alteraciones en los materiales contenidos en su sitio en cualquier momento, sin previo aviso. Sin embargo, ImagensWhat ES no se compromete a actualizar los materiales.<\/p>\n\n\n\n<h3 class=\"wp-block-heading\">6. Links<\/h3>\n\n\n\n<p>ImagensWhat ES no analiza todos los sitios vinculados a su sitio web y no es responsable por el contenido de ning\u00fan sitio vinculado.&nbsp;La inclusi\u00f3n de un link no implica la aprobaci\u00f3n del sitio por parte de ImagensWhat ES.&nbsp;El uso de cualquier sitio vinculado, es por cuenta y riesgo del usuario.<\/p>\n\n\n\n<h3 class=\"wp-block-heading\">7. Modificaciones<\/h3>\n\n\n\n<p>ImagensWhat ES puede revisar estos t\u00e9rminos de servicio del sitio en cualquier momento, sin previo aviso. Al utilizar este sitio, usted acepta la vinculaci\u00f3n a la versi\u00f3n actual de estos t\u00e9rminos de servicio.<\/p>\n\n\n\n<h3 class=\"wp-block-heading\">8. Ley Aplicable<\/h3>\n\n\n\n<p>Estos t\u00e9rminos y condiciones son regidos e interpretados de acuerdo con las leyes de ImagensWhat ES y usted se sujeta irrevocablemente a la jurisdicci\u00f3n exclusiva de los tribunales en el Estado o localidad.<\/p>\n","protected":false},"excerpt":{"rendered":"<p>1. T\u00e9rminos leyes y reglamentaciones relacionadas, y concuerda en que es responsable por el cumplimiento de la legislaci\u00f3n local aplicable. Si no est\u00e1 de acuerdo con alguno de estos t\u00e9rminos, no le es permitido usar o acceder a este sitio. Los materiales contenidos en este sitio web est\u00e1n protegidos por las leyes de derechos de&hellip;&nbsp;<a href=\"https:\/\/imagenswhat.com\/es\/condiciones-de-uso\/\" rel=\"bookmark\">Leer m\u00e1s &raquo;<span class=\"screen-reader-text\">Condiciones de Uso<\/span><\/a><\/p>\n","protected":false},"author":1,"featured_media":0,"parent":0,"menu_order":0,"comment_status":"closed","ping_status":"closed","template":"","meta":{"neve_meta_sidebar":"","neve_meta_container":"","neve_meta_enable_content_width":"","neve_meta_content_width":0,"neve_meta_title_alignment":"","neve_meta_author_avatar":"","neve_post_elements_order":"","neve_meta_disable_header":"","neve_meta_disable_footer":"","neve_meta_disable_title":"","neve_meta_reading_time":"","footnotes":""},"class_list":["post-137","page","type-page","status-publish","hentry"],"_links":{"self":[{"href":"https:\/\/imagenswhat.com\/es\/wp-json\/wp\/v2\/pages\/137","targetHints":{"allow":["GET"]}}],"collection":[{"href":"https:\/\/imagenswhat.com\/es\/wp-json\/wp\/v2\/pages"}],"about":[{"href":"https:\/\/imagenswhat.com\/es\/wp-json\/wp\/v2\/types\/page"}],"author":[{"embeddable":true,"href":"https:\/\/imagenswhat.com\/es\/wp-json\/wp\/v2\/users\/1"}],"replies":[{"embeddable":true,"href":"https:\/\/imagenswhat.com\/es\/wp-json\/wp\/v2\/comments?post=137"}],"version-history":[{"count":1,"href":"https:\/\/imagenswhat.com\/es\/wp-json\/wp\/v2\/pages\/137\/revisions"}],"predecessor-version":[{"id":138,"href":"https:\/\/imagenswhat.com\/es\/wp-json\/wp\/v2\/pages\/137\/revisions\/138"}],"wp:attachment":[{"href":"https:\/\/imagenswhat.com\/es\/wp-json\/wp\/v2\/media?parent=137"}],"curies":[{"name":"wp","href":"https:\/\/api.w.org\/{rel}","templated":true}]}}